{"id":1239,"date":"2015-02-11T23:21:12","date_gmt":"2015-02-11T21:21:12","guid":{"rendered":"http:\/\/inselschule-juist.de\/?page_id=1239"},"modified":"2025-01-13T18:41:09","modified_gmt":"2025-01-13T16:41:09","slug":"foerderkreis-der-inselschule-juist-e-v","status":"publish","type":"page","link":"https:\/\/inselschule-juist.de\/?page_id=1239","title":{"rendered":"F\u00f6rderkreis der Inselschule Juist e.V."},"content":{"rendered":"<p>Der F\u00f6rderkreis der Inselschule Juist e.V. wurde vor mittlerweile \u00fcber 45 Jahren gegr\u00fcndet. Ziel war und ist es, die Schule finanziell in Angelegenheiten zu unterst\u00fctzen, f\u00fcr die keine Haushaltsmittel zur Verf\u00fcgung stehen.<\/p>\n<p>Wir sind nicht sehr medienpr\u00e4sent, aber dennoch stets bem\u00fcht und st\u00e4ndig aktiv.<br \/>\nUnsere \u201eguten Taten\u201c der j\u00fcngeren Vergangenheit \u2013 Anschaffung\/Finanzierungen\/Mitfinanzierungen:<\/p>\n<ul>\n<li>Einrichtung einer Lese- und Ruheecke im Klassenraum der Klasse 1\/2&nbsp; <a href=\"http:\/\/www.juistnews.de\/artikel\/2020\/9\/7\/forderkreis-der-inselschule-juist-finanzierte-neue-sitzecke\/\">Bericht und Bilder&nbsp; <\/a><\/li>\n<li>Finanzierung des Zirkusprojektes Dobbelino in den Jahren 2019 und 2020, sowie geplant f\u00fcr 2021 <a href=\"http:\/\/www.juistnews.de\/artikel\/2020\/8\/26\/einschulungsfeier-auf-juist-unterm-zirkuszelt\/\">Zirkusprojekt und Einschulung 2020<\/a><\/li>\n<li>Gro\u00dfe Wippe &amp; 6-Eck-Kletterger\u00fcst f\u00fcr den Grundschul-Schulhof<\/li>\n<li>Graffiti-Workshops + Materialbereitstellung<\/li>\n<li>Airtrack f\u00fcr den Sportuntericht und die Cheerleading-AG<\/li>\n<li>Verdunklungsstoffe f\u00fcr die Turnhallen-Fenster f\u00fcr die Theater-AG<\/li>\n<li>Tischtennisplatte, + -schl\u00e4ger + -b\u00e4lle f\u00fcr den Sportunterricht<\/li>\n<li>Lesung und Elternabend mit J\u00f6rg Schmitt-Kilian zum Thema Sucht- und Gewaltpr\u00e4vention<\/li>\n<li>HipHop Workshops mit Gigy Golez<\/li>\n<li>Spiegelw\u00e4nde f\u00fcr die Cheerleading- und Theater-AG<\/li>\n<li>Stepper, Wasserball-Equipment, Hockey-Sets, ein Minitrampolin f\u00fcr den Sport- und Schwimmunterricht<\/li>\n<li>Outfits f\u00fcr die Cheerleading-AG f\u00fcr Meisterschaftsauftritte<\/li>\n<li>Pausen-Spielzeug f\u00fcr die Klassenverb\u00e4nde 1-2, 3-4 und 5-6<\/li>\n<li>Unterst\u00fctzung der polnischen Austauschsch\u00fclerInnen<\/li>\n<li>Theatervorstellung \u201eB\u00fchnengold\u201c zum Thema \u201eKlick &amp; Kill\u201c und \u201eSaufen \u2013 All Night Long\u201c<\/li>\n<li>Bereitstellung des Startkapitals der Sch\u00fclerfirma \u201eSnack &#8217;n&#8216; Break\u201c<\/li>\n<li>Portokosten der Spendensammelaktion zu Gunsten von \u201eMahlZeit Bremen\u201c<\/li>\n<li>Gro\u00dfe Wippe &amp; 6-Eck-Kletterger\u00fcst f\u00fcr den Grundschul-Schulhof<\/li>\n<li>Graffiti-Workshops + Materialbereitstellung<\/li>\n<li>Tischtennisplatte, -schl\u00e4ger und -b\u00e4lle f\u00fcr den Sportunterricht<\/li>\n<li>Smiley e.V. &#8211; Verein zur F\u00f6rderung der Medienkompetenz, Schulworkshop und Elternabend<\/li>\n<li>Zubeh\u00f6r \/Sound f\u00fcr den PC Raum<\/li>\n<li>Werkzeug f\u00fcr den Werkunterricht<\/li>\n<li>Schaffung des ECDL-Pr\u00fcfungszetrums zum Erwerb des Computerf\u00fchrerscheins<\/li>\n<li>Baskeball-Anlage<\/li>\n<li>Projektwoche \u201eCircus Toussini\u201c<\/li>\n<li>Mobiliar SV-Raum<\/li>\n<\/ul>\n<p>Weitere Informationen erhalten Sie unter dem <a href=\"http:\/\/inselschule-juist.de\/wp-content\/uploads\/2022\/09\/Foerderkreis-Flyer-komprimiert.pdf\">Link<\/a>, der zum Flyer f\u00fchrt. Hier das <a href=\"http:\/\/inselschule-juist.de\/wp-content\/uploads\/2024\/09\/Foerderkreis-neuer-Vorstand.pdf\">neuste Infoblatt<\/a>&nbsp; vom September 2024.<\/p>\n<p>Bei Ideen und Anregungen erreichen Sie uns unter:<\/p>\n<p>F\u00f6rderkreis der Inselschule Juist e.V.<br \/>\nc\/o Inselschule Juist<br \/>\nSchoolpad 2<br \/>\n26571 Juist<br \/>\nE-Mail:&nbsp;<a href=\"mailto:post@foerderkreis-inselschule-juist.de\">post@foerderkreis-inselschule-juist.de<\/a><br \/>\nFalls Sie unsere Sch\u00fclerInnen dauerhaft unterst\u00fctzen wollen, hier der <a href=\"http:\/\/inselschule-juist.de\/wp-content\/uploads\/2022\/09\/Foerderantrag-Foerderkreis.pdf\">Link<\/a> zum Mitgliedschaftsantrag. Spenden sind steuerlich absetzbar. Gerne senden wir Ihnen eine Spendenbescheinigung.<\/p>\n<p>Unsere Bankverbindung:<\/p>\n<p>Raiffeisen-Volksbank Fresena eG<\/p>\n<p>IBAN: DE95 2836 1592 8501 6047 00<br \/>\nBIC: GENODEF1MAR<\/p>\n","protected":false},"excerpt":{"rendered":"<p>Der F\u00f6rderkreis der Inselschule Juist e.V. wurde vor mittlerweile \u00fcber 45 Jahren gegr\u00fcndet. Ziel war und ist es, die Schule finanziell in Angelegenheiten zu unterst\u00fctzen, [&#8230;]<\/p>\n","protected":false},"author":118,"featured_media":0,"parent":0,"menu_order":0,"comment_status":"closed","ping_status":"closed","template":"","meta":{"ngg_post_thumbnail":0,"footnotes":""},"class_list":["post-1239","page","type-page","status-publish","hentry"],"_links":{"self":[{"href":"https:\/\/inselschule-juist.de\/index.php?rest_route=\/wp\/v2\/pages\/1239","targetHints":{"allow":["GET"]}}],"collection":[{"href":"https:\/\/inselschule-juist.de\/index.php?rest_route=\/wp\/v2\/pages"}],"about":[{"href":"https:\/\/inselschule-juist.de\/index.php?rest_route=\/wp\/v2\/types\/page"}],"author":[{"embeddable":true,"href":"https:\/\/inselschule-juist.de\/index.php?rest_route=\/wp\/v2\/users\/118"}],"replies":[{"embeddable":true,"href":"https:\/\/inselschule-juist.de\/index.php?rest_route=%2Fwp%2Fv2%2Fcomments&post=1239"}],"version-history":[{"count":8,"href":"https:\/\/inselschule-juist.de\/index.php?rest_route=\/wp\/v2\/pages\/1239\/revisions"}],"predecessor-version":[{"id":3273,"href":"https:\/\/inselschule-juist.de\/index.php?rest_route=\/wp\/v2\/pages\/1239\/revisions\/3273"}],"wp:attachment":[{"href":"https:\/\/inselschule-juist.de\/index.php?rest_route=%2Fwp%2Fv2%2Fmedia&parent=1239"}],"curies":[{"name":"wp","href":"https:\/\/api.w.org\/{rel}","templated":true}]}}