{"id":1706,"date":"2016-05-28T19:01:17","date_gmt":"2016-05-28T17:01:17","guid":{"rendered":"http:\/\/inselschule-juist.de\/?page_id=1706"},"modified":"2021-01-04T18:03:44","modified_gmt":"2021-01-04T16:03:44","slug":"informationen-zu-delf-fuer-schuelerinnen-und-eltern-der-9-10-klassen","status":"publish","type":"page","link":"https:\/\/inselschule-juist.de\/?page_id=1706","title":{"rendered":"Informationen zu DELF &#8211; F\u00fcr Sch\u00fcler\/innen und Eltern der 9.-10. Klassen"},"content":{"rendered":"<p><strong>Was ist DELF? <\/strong><\/p>\n<p>Bei DELF (= Dipl\u00f4me d&#8216; Etudes en Langue Fran\u00e7aise) handelt es sich um ein national und international anerkanntes Sprachdiplom f\u00fcr Franz\u00f6sisch als Fremdsprache. Das Diplom setzt sich aus mehreren Einheiten zusammen, die den Kompetenzstufen des gemeinsamen europ\u00e4ischen Referenzrahmens f\u00fcr Sprachen entsprechen:<\/p>\n<p>Al, A2, B1, B2.<\/p>\n<p>Jeder Pr\u00fcfungsblock setzt sich aus 4 Teilen zusammen:<\/p>\n<ol>\n<li>H\u00f6rverstehen, 2. Textverstehen, 3. freies Schreiben, 4. m\u00fcndliche Pr\u00fcfung,<\/li>\n<\/ol>\n<p><strong>DELF an unserer Schule <\/strong><\/p>\n<div class=\"spaltenhoehe\">\n<div class=\"platz platz2\">\n<div class=\"rahmen\">\n<div class=\"innen\">\n<p>Unsere Schule bietet im Rahmen der gymnasialen F\u00f6rderung eine Vorbereitung auf die DELF-Pr\u00fcfungen A1 und A2 an. Die AG findet im Rahmen der teilgebundenen Ganztagsschule statt. Das bedeutet f\u00fcr interessierte Sch\u00fcler nat\u00fcrlich zus\u00e4tzlichen Einsatz, aber es ergeben sich hier vielf\u00e4ltige M\u00f6glichkeiten, die Fremdsprache anzuwenden.<\/p>\n<p>Die Pr\u00fcfung findet im Institut francais in Bremen statt.<\/p>\n<p>Den Link zum Institut francais findet ihr <a href=\"https:\/\/www.institutfrancais.de\/\">hier<\/a>.\u00a0\u00a0\u00a0\u00a0\u00a0\u00a0\u00a0\u00a0\u00a0\u00a0\u00a0\u00a0\u00a0\u00a0\u00a0\u00a0\u00a0\u00a0\u00a0\u00a0\u00a0\u00a0\u00a0\u00a0\u00a0\u00a0\u00a0\u00a0\u00a0\u00a0\u00a0\u00a0\u00a0\u00a0\u00a0\u00a0\u00a0\u00a0\u00a0\u00a0\u00a0\u00a0\u00a0\u00a0\u00a0\u00a0\u00a0\u00a0\u00a0\u00a0\u00a0\u00a0\u00a0\u00a0\u00a0\u00a0\u00a0\u00a0\u00a0\u00a0\u00a0\u00a0\u00a0\u00a0\u00a0\u00a0\u00a0\u00a0\u00a0\u00a0 Einen Flyer mit Informationen zur DELF-Pr\u00fcfung gibt es hier.\u00a0\u00a0\u00a0\u00a0\u00a0\u00a0\u00a0\u00a0\u00a0\u00a0\u00a0\u00a0\u00a0\u00a0\u00a0\u00a0\u00a0\u00a0\u00a0\u00a0\u00a0\u00a0\u00a0\u00a0\u00a0\u00a0\u00a0\u00a0\u00a0\u00a0\u00a0 \u00a0 \u00a0 \u00a0 \u00a0\u00a0\u00a0\u00a0\u00a0\u00a0\u00a0\u00a0 Den DELF-Test vom Klett-Verlag findet ihr <a href=\"http:\/\/www.klett.de\/projekte\/delf\/#\/\">hier<\/a>.<\/p>\n<p><a href=\"https:\/\/www.institutfrancais.de\/\"><img loading=\"lazy\" decoding=\"async\" class=\"alignnone wp-image-1707\" src=\"http:\/\/inselschule-juist.de\/wp-content\/uploads\/2016\/05\/institut_francais_logo-rvb-300x171.jpg\" alt=\"institut_francais_logo-rvb\" width=\"202\" height=\"119\" \/>\u00a0 <\/a><a href=\"https:\/\/bremen.institutfrancais.de\/franzoesisch-lernen\/delf-dalf\"><img loading=\"lazy\" decoding=\"async\" class=\"alignnone wp-image-1686\" src=\"http:\/\/inselschule-juist.de\/wp-content\/uploads\/2016\/05\/delf1-300x268.png\" alt=\"delf1\" width=\"130\" height=\"118\" \/>\u00a0 <\/a><a href=\"http:\/\/www.klett.de\/projekte\/delf\/#\/\"><img loading=\"lazy\" decoding=\"async\" class=\"alignnone wp-image-1709\" src=\"http:\/\/inselschule-juist.de\/wp-content\/uploads\/2016\/05\/logo_delf-1-300x94.png\" alt=\"logo_delf\" width=\"222\" height=\"77\" \/><\/a><\/p>\n<\/div>\n<\/div>\n<\/div>\n<\/div>\n","protected":false},"excerpt":{"rendered":"<p>Was ist DELF? Bei DELF (= Dipl\u00f4me d&#8216; Etudes en Langue Fran\u00e7aise) handelt es sich um ein national und international anerkanntes Sprachdiplom f\u00fcr Franz\u00f6sisch als [&#8230;]<\/p>\n","protected":false},"author":118,"featured_media":0,"parent":0,"menu_order":0,"comment_status":"closed","ping_status":"closed","template":"","meta":{"ngg_post_thumbnail":0,"footnotes":""},"class_list":["post-1706","page","type-page","status-publish","hentry"],"_links":{"self":[{"href":"https:\/\/inselschule-juist.de\/index.php?rest_route=\/wp\/v2\/pages\/1706","targetHints":{"allow":["GET"]}}],"collection":[{"href":"https:\/\/inselschule-juist.de\/index.php?rest_route=\/wp\/v2\/pages"}],"about":[{"href":"https:\/\/inselschule-juist.de\/index.php?rest_route=\/wp\/v2\/types\/page"}],"author":[{"embeddable":true,"href":"https:\/\/inselschule-juist.de\/index.php?rest_route=\/wp\/v2\/users\/118"}],"replies":[{"embeddable":true,"href":"https:\/\/inselschule-juist.de\/index.php?rest_route=%2Fwp%2Fv2%2Fcomments&post=1706"}],"version-history":[{"count":1,"href":"https:\/\/inselschule-juist.de\/index.php?rest_route=\/wp\/v2\/pages\/1706\/revisions"}],"predecessor-version":[{"id":2919,"href":"https:\/\/inselschule-juist.de\/index.php?rest_route=\/wp\/v2\/pages\/1706\/revisions\/2919"}],"wp:attachment":[{"href":"https:\/\/inselschule-juist.de\/index.php?rest_route=%2Fwp%2Fv2%2Fmedia&parent=1706"}],"curies":[{"name":"wp","href":"https:\/\/api.w.org\/{rel}","templated":true}]}}