{"id":1887,"date":"2016-08-06T23:26:37","date_gmt":"2016-08-06T21:26:37","guid":{"rendered":"http:\/\/inselschule-juist.de\/?page_id=1887"},"modified":"2021-01-04T18:00:13","modified_gmt":"2021-01-04T16:00:13","slug":"oberschule-was-ist-das","status":"publish","type":"page","link":"https:\/\/inselschule-juist.de\/?page_id=1887","title":{"rendered":"Oberschule &#8211; Was ist das?"},"content":{"rendered":"<p>Die Inselschule Juist ist eine Grund- und Oberschule. Die Sch\u00fclerinnen und Sch\u00fcler k\u00f6nnen hier von der 1. bis zur 10. Klasse unterrichtet werden und am Ende den Hauptschul-, Realschul- oder Erweiterten Realschulabschluss erwerben. Die Oberschule setzt sich aus der Haupt- und Realschule zusammen.<\/p>\n<p>Was Oberschule in Niedersachsen genauer bedeutet und viele weitere Informationen k\u00f6nnen Sie in den einzelnen Erlassen lesen, deren Links wir Ihnen\/Euch hier auf unserer Internetseite zur Verf\u00fcgung gestellt haben.<\/p>\n<p><a class=\"download extern\" title=\"Download pdf: Die wichtigsten Fragen und Antworten zur Oberschule\" href=\"http:\/\/www.mk.niedersachsen.de\/download\/107369\/Die_wichtigsten_Fragen_und_Antworten_zur_Oberschule.pdf\">Die wichtigsten Fragen und Antworten zur Oberschule<\/a><\/p>\n<p><a class=\"download extern\" title=\"Download pdf: Erlass &quot;Die Arbeit in der Oberschule&quot;\" href=\"http:\/\/www.mk.niedersachsen.de\/download\/107368\/Erlass_Die_Arbeit_in_der_Oberschule_.pdf\">Erlass &#8222;Die Arbeit in der Oberschule&#8220;<\/a><\/p>\n","protected":false},"excerpt":{"rendered":"<p>Die Inselschule Juist ist eine Grund- und Oberschule. Die Sch\u00fclerinnen und Sch\u00fcler k\u00f6nnen hier von der 1. bis zur 10. Klasse unterrichtet werden und am [&#8230;]<\/p>\n","protected":false},"author":118,"featured_media":0,"parent":0,"menu_order":0,"comment_status":"closed","ping_status":"closed","template":"","meta":{"ngg_post_thumbnail":0,"footnotes":""},"class_list":["post-1887","page","type-page","status-publish","hentry"],"_links":{"self":[{"href":"https:\/\/inselschule-juist.de\/index.php?rest_route=\/wp\/v2\/pages\/1887","targetHints":{"allow":["GET"]}}],"collection":[{"href":"https:\/\/inselschule-juist.de\/index.php?rest_route=\/wp\/v2\/pages"}],"about":[{"href":"https:\/\/inselschule-juist.de\/index.php?rest_route=\/wp\/v2\/types\/page"}],"author":[{"embeddable":true,"href":"https:\/\/inselschule-juist.de\/index.php?rest_route=\/wp\/v2\/users\/118"}],"replies":[{"embeddable":true,"href":"https:\/\/inselschule-juist.de\/index.php?rest_route=%2Fwp%2Fv2%2Fcomments&post=1887"}],"version-history":[{"count":1,"href":"https:\/\/inselschule-juist.de\/index.php?rest_route=\/wp\/v2\/pages\/1887\/revisions"}],"predecessor-version":[{"id":2942,"href":"https:\/\/inselschule-juist.de\/index.php?rest_route=\/wp\/v2\/pages\/1887\/revisions\/2942"}],"wp:attachment":[{"href":"https:\/\/inselschule-juist.de\/index.php?rest_route=%2Fwp%2Fv2%2Fmedia&parent=1887"}],"curies":[{"name":"wp","href":"https:\/\/api.w.org\/{rel}","templated":true}]}}